{"id":2,"date":"2024-02-20T07:56:51","date_gmt":"2024-02-20T07:56:51","guid":{"rendered":"https:\/\/www.lmd2024.sa.vu.lt\/?page_id=2"},"modified":"2025-05-03T14:35:40","modified_gmt":"2025-05-03T14:35:40","slug":"puslapio-pavyzdys","status":"publish","type":"page","link":"https:\/\/www.lmd2024.sa.vu.lt\/","title":{"rendered":""},"content":{"rendered":"\n<figure class=\"wp-block-image alignfull size-full is-style-default\"><img decoding=\"async\" src=\"https:\/\/www.lmd2024.sa.vu.lt\/wp-content\/uploads\/2024\/03\/konferencja24.jpg\" alt=\"\" class=\"wp-image-208\"\/><\/figure>\n\n\n\n<p class=\"has-text-align-center\"><strong> <a href=\"#Organizatoriai\" data-type=\"internal\" data-id=\"#Organizatoriai\">Organizatoriai<\/a>  <a href=\"#Programa\" data-type=\"internal\" data-id=\"#Programa\">Programa ir santraukos<\/a>  <a href=\"#Sekcijos\" data-type=\"internal\" data-id=\"#Sekcijos\">Sekcijos<\/a>  <\/strong><br><strong><strong><a href=\"#Straipsniai\" data-type=\"internal\" data-id=\"#Straipsniai\">Straipsniai<\/a>   <a href=\"#registr\" data-type=\"internal\" data-id=\"#registr\">Registracija ir mokestis<\/a> <\/strong><\/strong><br><strong><a href=\"#vieta\" data-type=\"internal\" data-id=\"#vieta\">Apgyvendinimas<\/a><\/strong>   <strong><a href=\"#Apgyvendinimas\" data-type=\"internal\" data-id=\"#Apgyvendinimas\">Adresas ir kontaktai<\/a><\/strong><\/p>\n\n\n\n<p class=\"has-text-align-center\"><strong>  <strong>2024 m. bir\u017eelio 27 \u2013 28 d. <br>Vilniaus universiteto \u0160iauli\u0173 akademija (Vytauto g. 84, \u0160iauliai)<\/strong><\/strong><\/p>\n\n\n\n<p>Renginys&nbsp;diskusijai sub\u016br\u0117 mokslininkus, d\u0117stytojus ir studentus, matematikos mokytojus ir visus besidomin\u010dius matematika bei jos mokymu. Dalyviai dalinosi naujausiais mokslini\u0173 tyrim\u0173 rezultatais, \u017einiomis ir patirtimis.<\/p>\n\n\n\n<figure class=\"wp-block-image size-large\"><img loading=\"lazy\" decoding=\"async\" width=\"1024\" height=\"683\" src=\"https:\/\/www.lmd2024.sa.vu.lt\/wp-content\/uploads\/2024\/07\/DSC3284-1024x683.jpg\" alt=\"\" class=\"wp-image-266\" srcset=\"https:\/\/www.lmd2024.sa.vu.lt\/wp-content\/uploads\/2024\/07\/DSC3284-1024x683.jpg 1024w, https:\/\/www.lmd2024.sa.vu.lt\/wp-content\/uploads\/2024\/07\/DSC3284-300x200.jpg 300w, https:\/\/www.lmd2024.sa.vu.lt\/wp-content\/uploads\/2024\/07\/DSC3284-768x512.jpg 768w, https:\/\/www.lmd2024.sa.vu.lt\/wp-content\/uploads\/2024\/07\/DSC3284-1536x1024.jpg 1536w, https:\/\/www.lmd2024.sa.vu.lt\/wp-content\/uploads\/2024\/07\/DSC3284-2048x1365.jpg 2048w\" sizes=\"(max-width: 1024px) 100vw, 1024px\" \/><\/figure>\n\n\n\n<hr class=\"wp-block-separator has-alpha-channel-opacity\"\/>\n\n\n\n<p>LMD Valdybos ataskaita (<a href=\"http:\/\/www.lmd.mif.vu.lt\/lmd-suvaziavimas\/\" data-type=\"link\" data-id=\"http:\/\/www.lmd.mif.vu.lt\/lmd-suvaziavimas\/\">nuoroda<\/a>).<br><br><strong>Apie suva\u017eiavim\u0105 ir konferencij\u0105:<\/strong><br>Informacija LMD puslapyje (<a href=\"http:\/\/www.lmd.mif.vu.lt\/lmd-suvaziavimas\/\">nuoroda<\/a>).<br>\u0160iauli\u0173 TV reporta\u017eas apie suva\u017eiavim\u0105 ir konferencij\u0105 (<a href=\"https:\/\/www.youtube.com\/watch?v=oAnoif4VDko\" data-type=\"link\" data-id=\"https:\/\/www.youtube.com\/watch?v=oAnoif4VDko\">\u017ei\u016br\u0117ti<\/a>).<br>Informacija VU \u0160A puslapyje (<a href=\"https:\/\/www.sa.vu.lt\/naujienos\/1661-vilniaus-universiteto-siauliu-akademijoje-ivyko-lietuvos-matematiku-draugijos-suvaziavimas-ir-lxv-konferencija\" data-type=\"link\" data-id=\"https:\/\/www.sa.vu.lt\/naujienos\/1661-vilniaus-universiteto-siauliu-akademijoje-ivyko-lietuvos-matematiku-draugijos-suvaziavimas-ir-lxv-konferencija\">nuoroda<\/a>).<br><\/p>\n\n\n\n<hr class=\"wp-block-separator has-alpha-channel-opacity\"\/>\n\n\n\n<h2 class=\"wp-block-heading\" id=\"Organizatoriai\">Organizatoriai<\/h2>\n\n\n\n<p><strong>Konferencijos programinis komitetas<\/strong><br><em>Pirmininkas<\/em> \u2013 prof. dr. Art\u016bras \u0160tikonas (VU),<br><em>Pirmininko pavaduotoja<\/em> \u2013 prof. dr. Renata Macaitien\u0117 (VU).<br><em>Nariai:<\/em><br>prof. dr. Ram\u016bnas Garunk\u0161tis (VU), <br>asist. dr. Vaidas Giedrimas (VU),<br>doc. dr. Vytautas Janilionis (KTU),<br>prof. dr. K\u0119stutis Kubilius (VU), <br>prof. dr. Olga Kurasova (VU), <br>prof. dr. Antanas Laurin\u010dikas (VU),<br>doc. dr. Jurgita Markevi\u010di\u016bt\u0117 (VU), <br>doc. dr. Bron\u0117 Narkevi\u010dien\u0117 (KTU),<br>prof. dr. Rimas Norvai\u0161a (VU),<br>doc. dr. Sigita Urbonien\u0117 (VDU),<br>prof. dr. Jonas \u0160iaulys (VU),<br>prof. dr. Olga \u0160tikonien\u0117 (VU).<br><br><strong>Konferencijos ir suva\u017eiavimo organizacinis komitetas<\/strong><br><em>Pirminink\u0117<\/em> \u2013 dr. Renata Macaitien\u0117 (VU \u0160A), <br><em>Pavaduotojas<\/em> \u2013 dr. Mindaugas Stoncelis (VU \u0160A).<br><em>Nariai:<\/em><br>dr. Virginija Garbaliauskien\u0117 (VU \u0160A),<br>dr. Karolina Kani\u0161auskien\u0117 (VU \u0160A),<br>dr. Vaidotas Kani\u0161auskas (VU \u0160A),<br>dr. Darius \u0160iau\u010di\u016bnas (VU \u0160A).<\/p>\n\n\n\n<hr class=\"wp-block-separator has-alpha-channel-opacity\"\/>\n\n\n\n<h2 class=\"wp-block-heading\" id=\"Programa\">Programa ir santraukos<\/h2>\n\n\n\n<p><strong>Detali konferencijos PROGRAMA<\/strong> (<a href=\"https:\/\/www.lmd2024.sa.vu.lt\/wp-content\/uploads\/2024\/06\/LMD_suvazkonf_programa-2024-1.pdf\" data-type=\"attachment\" data-id=\"237\" target=\"_blank\" rel=\"noreferrer noopener\">atsisi\u0173sti<\/a>).<br><strong>Prane\u0161im\u0173 SANTRAUKOS <\/strong>(<a href=\"https:\/\/www.lmd2024.sa.vu.lt\/wp-content\/uploads\/2024\/12\/LMD_65_tezes2.pdf\" data-type=\"link\" data-id=\"https:\/\/www.lmd2024.sa.vu.lt\/wp-content\/uploads\/2024\/12\/LMD_65_tezes2.pdf\" target=\"_blank\" rel=\"noreferrer noopener\">atsisi\u0173sti<\/a>)*<\/p>\n\n\n\n<p><font style=\"font-size: 12px;\">*Santraukos yra pertvarkytos techninio redaktoriaus. Pastabas galite teikti el. pa\u0161tu, adresu <a href=\"mailto:darius.siauciunas@sa.vu.lt\">darius.siauciunas@sa.vu.lt<\/a>.<\/font><br><\/p>\n\n\n\n<div class=\"wp-block-group has-global-padding is-layout-constrained wp-block-group-is-layout-constrained\">\n<figure class=\"wp-block-table alignwide is-style-stripes\"><table><tbody><tr><td><\/td><td><strong>Bir\u017eelio 27 d.<\/strong><\/td><\/tr><tr><td>8:30 \u2013 9:30 <\/td><td>Dalyvi\u0173 registracija (Vytauto g. 84; I a. foje)<\/td><\/tr><tr><td>9:30 \u2013 9:45<\/td><td>Atidarymas (Vytauto g. 84; 413 a.) <\/td><\/tr><tr><td>9:45 \u2013 12:30<\/td><td><em>Lietuvos matematik\u0173 draugijos<\/em> suva\u017eiavimas (Vytauto g. 84; 413 a.)<\/td><\/tr><tr><td>12:30 \u2013 14:00<\/td><td><em>Piet\u0173 pertrauka<\/em><\/td><\/tr><tr><td>14:00 \u2013 15:30 <\/td><td><em>Lietuvos matematik\u0173 draugijos<\/em> konferencija. Plenariniai prane\u0161imai (Vytauto g. 84; 413 a.)<\/td><\/tr><tr><td>16:00 \u2013 18:30<\/td><td><em>Lietuvos matematik\u0173 draugijos<\/em> konferencija. Prane\u0161imai sekcijose (P. Vi\u0161inskio g. 25)<\/td><\/tr><tr><td>19:00<\/td><td>Konferencijos vakarien\u0117 (restoranas <a href=\"https:\/\/hoteltomas.lt\/restoranas\/\" data-type=\"link\" data-id=\"https:\/\/hoteltomas.lt\/restoranas\/\">TRYS<\/a>)<\/td><\/tr><tr><td><\/td><td><strong>Bir\u017eelio 28 d<\/strong>.<\/td><\/tr><tr><td>9:00 \u2013 10:30<\/td><td><em>Lietuvos matematik\u0173 draugijos<\/em> konferencija. Prane\u0161imai sekcijose (P. Vi\u0161inskio g. 25)<\/td><\/tr><tr><td>10:30 \u2013 11:00<\/td><td>Kavos pertrauka (P. Vi\u0161inskio g. 25; 214 a.)<\/td><\/tr><tr><td>11:00 <\/td><td>Konferencijos u\u017edarymas (P. Vi\u0161inskio g. 25; 509 a.)<\/td><\/tr><\/tbody><\/table><\/figure>\n\n\n\n<h2 class=\"wp-block-heading\" id=\"Sekcijos\">Sekcijos<\/h2>\n<\/div>\n\n\n\n<div class=\"wp-block-group has-global-padding is-layout-constrained wp-block-group-is-layout-constrained\">\n<figure class=\"wp-block-table alignwide is-style-stripes\"><table><tbody><tr><td><strong>Sekcija<\/strong><\/td><td><strong>Pirmininkai<\/strong><\/td><\/tr><tr><td><em>Algebra, skai\u010di\u0173 teorija ir geometrija<\/em><br>(Algebra, Skai\u010di\u0173 teorija, Geometrija, <br>Topologija, Matematin\u0117 logika,<br>Funkcij\u0173 teorija)<\/td><td>Prof. dr. Ram\u016bnas Garunk\u0161tis (VU)<br>Prof. dr. Antanas Laurin\u010dikas (VU)<br>Prof. dr. Renata Macaitien\u0117 (VU)<br>Prof. dr. Eugenijus Manstavi\u010dius (VU)<\/td><\/tr><tr><td><em>Diferencialin\u0117s lygtys ir<\/em><br><em>skai\u010diavimo metodai<\/em><\/td><td>Prof. dr. Olga \u0160tikonien\u0117 (VU)<br>Doc. dr. Sigita Urbonien\u0117 (VDU)<\/td><\/tr><tr><td><em>Matematikos istorija <\/em><br><em>ir didaktika<\/em><\/td><td>Doc. dr. Bron\u0117 Narkevi\u010dien\u0117 (KTU)<br>Prof. dr. Rimas Norvai\u0161a (VU)<\/td><\/tr><tr><td><em>Matematikos taikymai<\/em><br>(Matematinis modeliavimas, <br>Socialini\u0173 rei\u0161kini\u0173 modeliai ir kt.)<\/td><td>Doc. dr. Vytautas Janilionis (KTU)<\/td><\/tr><tr><td><em>Statistika ir jos taikymai<\/em><\/td><td>Doc. dr. Jurgita Markevi\u010di\u016bt\u0117 (VU)<br>Prof. dr. Marijus Radavi\u010dius (VU)<\/td><\/tr><tr><td><em>Stochastiniai metodai ir modeliai<\/em><br>(Atsitiktiniai procesai, Finans\u0173 ir draudimo matematika, <\/td><td>Prof. dr. K\u0119stutis Kubilius (VU)<br>Prof. dr. Jonas \u0160iaulys (VU)<\/td><\/tr><tr><td><em>Teorin\u0117 informatika<\/em><\/td><td>Prof. dr. Olga Kurasova (VU)<br>Asist. dr. Vaidas Giedrimas  (VU)<\/td><\/tr><\/tbody><\/table><\/figure>\n<\/div>\n\n\n\n<hr class=\"wp-block-separator has-alpha-channel-opacity\"\/>\n\n\n\n<h2 class=\"wp-block-heading\" id=\"Organizatoriai\"><\/h2>\n\n\n\n<hr class=\"wp-block-separator has-alpha-channel-opacity\"\/>\n\n\n\n<h2 class=\"wp-block-heading\" id=\"registr\">Registracija ir mokestis<\/h2>\n\n\n\n<ul>\n<li><strong>Registracija <\/strong>vykdoma iki&nbsp;<strong>2024 m. gegu\u017e\u0117s 10 d.<\/strong>&nbsp;<em>Lietuvos matematikos rinkinio <\/em>tinklalapyje&nbsp;<a href=\"https:\/\/www.zurnalai.vu.lt\/LMR\/submit-article\" target=\"_blank\" rel=\"noreferrer noopener\">zurnalai.vu.lt<\/a>.<\/li>\n\n\n\n<li>Kaip ir pra\u0117jusiais metais, bus skelbiamos <strong>LMD konferencijos prane\u0161im\u0173 santraukos!&nbsp;<\/strong><\/li>\n\n\n\n<li>Registracijai reikia paruo\u0161ti <strong>du failus<\/strong> (pdf ir tex arba pdf ir docx formatais), kuriuose b\u016bt\u0173 pateikta:\n<ul>\n<li>registracijos duomenys;<\/li>\n\n\n\n<li>prane\u0161imo santrauka (<a href=\"https:\/\/www.lmd2024.sa.vu.lt\/wp-content\/uploads\/2024\/03\/Sablonas-doc.zip\" data-type=\"link\" data-id=\"https:\/\/www.lmd2024.sa.vu.lt\/wp-content\/uploads\/2024\/03\/Sablonas-doc.zip\">\u0161ablonas docx formatu<\/a>,&nbsp;<a href=\"https:\/\/www.lmd2024.sa.vu.lt\/wp-content\/uploads\/2024\/03\/Sablonas03.zip\" data-type=\"attachment\" data-id=\"77\">\u0161ablonas tex formatu<\/a>).&nbsp;&nbsp;Santrauka turi nevir\u0161yti vieno A4 formato puslapio.<\/li>\n<\/ul>\n<\/li>\n\n\n\n<li>Jei nepavyksta registruotis, atsi\u0173skite savo paruo\u0161tus failus adresu&nbsp;<a href=\"mailto:lmd2024@sa.vu.lt\">lmd2024@sa.vu.lt<\/a>.<\/li>\n<\/ul>\n\n\n\n<ul>\n<li><strong>Dalyvio mokestis<\/strong> iki 2024 m. gegu\u017e\u0117s 10 d.<br>LMD ir LSS nariams \u2013 25 Eur<br>Ne nariams \u2013 30 Eur<br>Doktorantams ir studentams \u2013 15 Eur<\/li>\n\n\n\n<li><strong>Dalyvio mokestis <\/strong>po 2024 m. gegu\u017e\u0117s 10 d.<br>LMD  ir LSS nariams \u2013 30 Eur<br>Ne nariams \u2013 35 Eur<br>Doktorantams ir studentams \u2013 20 Eur<\/li>\n<\/ul>\n\n\n\n<p>Dalyvio mokestis turi b\u016bti sumok\u0117tas pervedimu \u012f \u0161i\u0105 s\u0105skait\u0105:<br>Gav\u0117jas: Lietuvos matematik\u0173 draugija<br>\u012emon\u0117s kodas (juridinio asmens kodas): 191607025<br>Adresas: Naugarduko 24, Vilnius 03225<br>S\u0105skaitos Nr. LT14 7300 0100 0248 3004<br>Mok\u0117jimo paskirtis: vardas, pavard\u0117; registracijos mokestis \u012f LMD65 konferencij\u0105.<\/p>\n\n\n\n<hr class=\"wp-block-separator has-alpha-channel-opacity\"\/>\n\n\n\n<h2 class=\"wp-block-heading\" id=\"Straipsniai\">Straipsniai<\/h2>\n\n\n\n<p>Straipsnius prane\u0161imo tema pateikti leidiniui Lietuvos matematikos rinkinys (LMD darbai)&nbsp;<strong>iki 2024 m. bir\u017eelio 25 d.<\/strong>&nbsp;<br>Reikalavimus straipsniams bei pagalb\u0105, susijusi\u0105 su pateikimu, rasite adresu:&nbsp;<a href=\"https:\/\/www.zurnalai.vu.lt\/LMR\/submit-article\">www.zurnalai.vu.lt\/LMR\/submit-article<\/a>.<\/p>\n\n\n\n<hr class=\"wp-block-separator has-alpha-channel-opacity\"\/>\n\n\n\n<h2 class=\"wp-block-heading\" id=\"vieta\">Apgyvendinimas<\/h2>\n\n\n\n<p><strong>Netoliese \u0160iauli\u0173 akademijos esan\u010dios apgyvendinimo  \u012fstaigos<\/strong>:<br>vie\u0161butis <strong>\u0160aulys<\/strong> (Vasario 16-osios g. 40), <strong>\u0160iauli\u0173 vie\u0161butis<\/strong>&nbsp;(Draugyst\u0117s pr. 25),  Turn\u0117 (R\u016bd\u0117s g. 9 (\u0161iek tiek seno interjero)), vie\u0161butis <strong>Prie parko<\/strong> (S. Lukauskio g. 5A, neseniai renovuotas, \u0161iek tiek toliau nuo centro, bet nesunkiai pasiekiamas p\u0117s\u010diomis), vie\u0161butis <strong>\u0160iauli\u0173 kra\u0161to med\u017eiotoj\u0173 u\u017eeiga<\/strong> (Dubijos g. 20, \u0161iek tiek toliau nuo centro, bet nesunkiai pasiekiamas p\u0117s\u010diomis).<br><strong>P. S. <\/strong>Keletas viet\u0173 <strong>konferencijos dalyviams yra rezervuota <\/strong>vie\u0161butyje <strong>Park Hotel<\/strong> (S. Lukauskio g. 5A; vie\u0161butis \u0161iek tiek toliau nuo universiteto, p\u0117s\u010diomis apie 8 min.). Rekomenduojame skambinti (860013112) ir pasakyti, kad registruojat\u0117s kaip konferencijos dalyvis (-\u0117), nes ie\u0161kant Booking sistemoje rodys, kad visos vietos u\u017eimtos.<\/p>\n\n\n\n<p><strong><a href=\"https:\/\/svakogo.lt\/apgyvendinimas\/\">\u0160iauli\u0173 valstybin\u0117s kolegijos Svetingumo paslaug\u0173 centras<\/a><\/strong> (Au\u0161ros al. 40)<em>.<\/em><br><br><strong>Miesto centre rasite puiki\u0173<\/strong> <strong>apartament\u0173 ir but\u0173 <\/strong>(rezerv., naudojantis Booking.com \/ Airbnb.com).<em>&nbsp;<\/em><\/p>\n\n\n\n<p><strong>Toliau nuo \u0160iauli\u0173 akademijos esan\u010dios apgyvendinimo  \u012fstaigos<\/strong>:<br>vie\u0161butis <strong>Tomas<\/strong> (Til\u017e\u0117s g. 63, va\u017eiuoja miesto autobusai Nr. 7, 12, 21, 17, 25), vie\u0161butis <strong>\u017dvej\u0173 u\u017eeiga<\/strong> (R\u0117kyva, gra\u017ei vieta, va\u017eiuoja miesto autobusai Nr. 4, 4A), vie\u0161butis <strong>Grafait\u0117<\/strong> (Gink\u016bnai, va\u017eiuoja miesto autobusas Nr. 21).&nbsp;<\/p>\n\n\n\n<hr class=\"wp-block-separator has-alpha-channel-opacity\"\/>\n\n\n\n<h2 class=\"wp-block-heading\" id=\"Apgyvendinimas\">Adresas ir kontaktai<\/h2>\n\n\n\n<p><strong>Konferencija vyks <\/strong>Vilniaus universiteto \u0160iauli\u0173 akademijoje.<br><strong>Adresai:<\/strong> Vytauto g. 84, P. Vi\u0161inskio g. 25, \u0160iauliai (pastatai \u0161alia, kiemas bendras).<br><iframe src=\"https:\/\/www.google.com\/maps\/embed?pb=!1m14!1m12!1m3!1d558.7942752778256!2d23.313825811167142!3d55.928967674359264!2m3!1f0!2f0!3f0!3m2!1i1024!2i768!4f13.1!5e0!3m2!1slt!2slt!4v1709672226350!5m2!1slt!2slt\" width=\"100%\" height=\"450\" style=\"border:0;\" allowfullscreen=\"\" loading=\"lazy\" referrerpolicy=\"no-referrer-when-downgrade\"><\/iframe><br><strong>\u012eva\u017eiavimas \u012f \u0160A kiem\u0105 i\u0161 Vasario 16-osios g.<\/strong> Norintys \u012fva\u017eiuoti, i\u0161 anksto atsi\u0173skite savo tel. numer\u012f el. pa\u0161tu (adresu <a href=\"mailto:lmd2024@sa.vu.lt\">lmd2024@sa.vu.lt<\/a>).<br><\/p>\n\n\n\n<p><strong>K\u0105 pamatyti \u0160iauliuose<\/strong> (<a href=\"https:\/\/www.visitsiauliai.lt\/pagrindinis-puslapis\/\">pla\u010diau<\/a>).<br>&#8212;&#8212;&#8212;&#8212;&#8212;&#8212;&#8212;&#8212;&#8212;&#8212;&#8212;&#8212;&#8212;&#8212;&#8212;&#8212;&#8212;&#8212;&#8212;&#8212;&#8212;&#8212;&#8211;<br>Jei turite klausim\u0173, ra\u0161ykite <a href=\"mailto:lmd2024@sa.vu.lt\">lmd2024@sa.vu.lt<\/a>.<\/p>\n","protected":false},"excerpt":{"rendered":"<p>Organizatoriai Programa ir santraukos Sekcijos Straipsniai Registracija ir mokestis Apgyvendinimas Adresas ir kontaktai 2024 m. bir\u017eelio 27 \u2013 28 d. Vilniaus universiteto \u0160iauli\u0173 akademija (Vytauto g. 84, \u0160iauliai) Renginys&nbsp;diskusijai sub\u016br\u0117 mokslininkus, d\u0117stytojus ir studentus, matematikos mokytojus ir visus besidomin\u010dius matematika bei jos mokymu. Dalyviai dalinosi naujausiais mokslini\u0173 tyrim\u0173 rezultatais, \u017einiomis ir patirtimis. LMD Valdybos ataskaita [&hellip;]<\/p>\n","protected":false},"author":1,"featured_media":0,"parent":0,"menu_order":0,"comment_status":"closed","ping_status":"open","template":"","meta":{"footnotes":""},"_links":{"self":[{"href":"https:\/\/www.lmd2024.sa.vu.lt\/index.php\/wp-json\/wp\/v2\/pages\/2"}],"collection":[{"href":"https:\/\/www.lmd2024.sa.vu.lt\/index.php\/wp-json\/wp\/v2\/pages"}],"about":[{"href":"https:\/\/www.lmd2024.sa.vu.lt\/index.php\/wp-json\/wp\/v2\/types\/page"}],"author":[{"embeddable":true,"href":"https:\/\/www.lmd2024.sa.vu.lt\/index.php\/wp-json\/wp\/v2\/users\/1"}],"replies":[{"embeddable":true,"href":"https:\/\/www.lmd2024.sa.vu.lt\/index.php\/wp-json\/wp\/v2\/comments?post=2"}],"version-history":[{"count":225,"href":"https:\/\/www.lmd2024.sa.vu.lt\/index.php\/wp-json\/wp\/v2\/pages\/2\/revisions"}],"predecessor-version":[{"id":300,"href":"https:\/\/www.lmd2024.sa.vu.lt\/index.php\/wp-json\/wp\/v2\/pages\/2\/revisions\/300"}],"wp:attachment":[{"href":"https:\/\/www.lmd2024.sa.vu.lt\/index.php\/wp-json\/wp\/v2\/media?parent=2"}],"curies":[{"name":"wp","href":"https:\/\/api.w.org\/{rel}","templated":true}]}}